{"id":2667,"date":"2024-04-24T13:29:34","date_gmt":"2024-04-24T11:29:34","guid":{"rendered":"https:\/\/mateagrarcsoport.staging.introweb.hu\/rolunk\/"},"modified":"2024-04-24T13:29:34","modified_gmt":"2024-04-24T11:29:34","slug":"rolunk","status":"publish","type":"page","link":"https:\/\/mateagrarcsoport.hu\/en\/rolunk\/","title":{"rendered":"R\u00f3lunk"},"content":{"rendered":"","protected":false},"excerpt":{"rendered":"","protected":false},"author":1,"featured_media":0,"parent":0,"menu_order":0,"comment_status":"closed","ping_status":"closed","template":"100-width.php","meta":{"inline_featured_image":false,"footnotes":""},"class_list":["post-2667","page","type-page","status-publish","hentry"],"yoast_head":"<!-- This site is optimized with the Yoast SEO Premium plugin v23.2 (Yoast SEO v23.2) - https:\/\/yoast.com\/wordpress\/plugins\/seo\/ -->\n<title>MATE Agr\u00e1rcsoport - T\u00e1rs a mez\u0151gazdas\u00e1gban!<\/title>\n<meta name=\"description\" content=\"Tudj meg t\u00f6bbet r\u00f3lunk \u00e9s term\u00e9keinkr\u0151l weboldalunkon! Kapcsolati \u0171rlapunkon kereszt\u00fcl gyorsan \u00e9rtes\u00fclhetsz akci\u00f3inkr\u00f3l \u00e9s k\u00e9rhetsz \u00e1raj\u00e1nlatot is.\" \/>\n<meta name=\"robots\" content=\"index, follow, max-snippet:-1, max-image-preview:large, max-video-preview:-1\" \/>\n<link rel=\"canonical\" href=\"https:\/\/mateagrarcsoport.hu\/en\/rolunk\/\" \/>\n<meta property=\"og:locale\" content=\"en_US\" \/>\n<meta property=\"og:type\" content=\"article\" \/>\n<meta property=\"og:title\" content=\"MATE Agr\u00e1rcsoport - T\u00e1rs a mez\u0151gazdas\u00e1gban\" \/>\n<meta property=\"og:description\" content=\"Olvassa el MATE Agr\u00e1rcsoport oldalunkat \u00e9s l\u00e9pjen Vel\u00fcnk kapcsolatba tov\u00e1bbi inform\u00e1ci\u00f3\u00e9rt!\" \/>\n<meta property=\"og:url\" content=\"https:\/\/mateagrarcsoport.hu\/en\/rolunk\/\" \/>\n<meta property=\"og:site_name\" content=\"MATE Agr\u00e1rcsoport\" \/>\n<meta property=\"og:image\" content=\"https:\/\/mateagrarcsoport.hu\/wp-content\/uploads\/2024\/08\/og-image.jpg\" \/>\n\t<meta property=\"og:image:width\" content=\"1200\" \/>\n\t<meta property=\"og:image:height\" content=\"675\" \/>\n\t<meta property=\"og:image:type\" content=\"image\/jpeg\" \/>\n<meta name=\"twitter:card\" content=\"summary_large_image\" \/>\n<script type=\"application\/ld+json\" class=\"yoast-schema-graph\">{\"@context\":\"https:\/\/schema.org\",\"@graph\":[{\"@type\":\"WebPage\",\"@id\":\"https:\/\/mateagrarcsoport.hu\/en\/rolunk\/\",\"url\":\"https:\/\/mateagrarcsoport.hu\/en\/rolunk\/\",\"name\":\"MATE Agr\u00e1rcsoport - T\u00e1rs a mez\u0151gazdas\u00e1gban!\",\"isPartOf\":{\"@id\":\"https:\/\/mateagrarcsoport.hu\/#website\"},\"datePublished\":\"2024-04-24T11:29:34+00:00\",\"dateModified\":\"2024-04-24T11:29:34+00:00\",\"description\":\"Tudj meg t\u00f6bbet r\u00f3lunk \u00e9s term\u00e9keinkr\u0151l weboldalunkon! Kapcsolati \u0171rlapunkon kereszt\u00fcl gyorsan \u00e9rtes\u00fclhetsz akci\u00f3inkr\u00f3l \u00e9s k\u00e9rhetsz \u00e1raj\u00e1nlatot is.\",\"breadcrumb\":{\"@id\":\"https:\/\/mateagrarcsoport.hu\/en\/rolunk\/#breadcrumb\"},\"inLanguage\":\"en-US\",\"potentialAction\":[{\"@type\":\"ReadAction\",\"target\":[\"https:\/\/mateagrarcsoport.hu\/en\/rolunk\/\"]}]},{\"@type\":\"BreadcrumbList\",\"@id\":\"https:\/\/mateagrarcsoport.hu\/en\/rolunk\/#breadcrumb\",\"itemListElement\":[{\"@type\":\"ListItem\",\"position\":1,\"name\":\"Home\",\"item\":\"https:\/\/mateagrarcsoport.hu\/en\/\"},{\"@type\":\"ListItem\",\"position\":2,\"name\":\"R\u00f3lunk\"}]},{\"@type\":\"WebSite\",\"@id\":\"https:\/\/mateagrarcsoport.hu\/#website\",\"url\":\"https:\/\/mateagrarcsoport.hu\/\",\"name\":\"MATE Agr\u00e1rcsoport\",\"description\":\"\",\"alternateName\":\"MATE Agr\u00e1rcsoport Kft.\",\"potentialAction\":[{\"@type\":\"SearchAction\",\"target\":{\"@type\":\"EntryPoint\",\"urlTemplate\":\"https:\/\/mateagrarcsoport.hu\/?s={search_term_string}\"},\"query-input\":\"required name=search_term_string\"}],\"inLanguage\":\"en-US\"}]}<\/script>\n<!-- \/ Yoast SEO Premium plugin. -->","yoast_head_json":{"title":"MATE Agr\u00e1rcsoport - T\u00e1rs a mez\u0151gazdas\u00e1gban!","description":"Tudj meg t\u00f6bbet r\u00f3lunk \u00e9s term\u00e9keinkr\u0151l weboldalunkon! Kapcsolati \u0171rlapunkon kereszt\u00fcl gyorsan \u00e9rtes\u00fclhetsz akci\u00f3inkr\u00f3l \u00e9s k\u00e9rhetsz \u00e1raj\u00e1nlatot is.","robots":{"index":"index","follow":"follow","max-snippet":"max-snippet:-1","max-image-preview":"max-image-preview:large","max-video-preview":"max-video-preview:-1"},"canonical":"https:\/\/mateagrarcsoport.hu\/en\/rolunk\/","og_locale":"en_US","og_type":"article","og_title":"MATE Agr\u00e1rcsoport - T\u00e1rs a mez\u0151gazdas\u00e1gban","og_description":"Olvassa el MATE Agr\u00e1rcsoport oldalunkat \u00e9s l\u00e9pjen Vel\u00fcnk kapcsolatba tov\u00e1bbi inform\u00e1ci\u00f3\u00e9rt!","og_url":"https:\/\/mateagrarcsoport.hu\/en\/rolunk\/","og_site_name":"MATE Agr\u00e1rcsoport","og_image":[{"width":1200,"height":675,"url":"https:\/\/mateagrarcsoport.hu\/wp-content\/uploads\/2024\/08\/og-image.jpg","type":"image\/jpeg"}],"twitter_card":"summary_large_image","schema":{"@context":"https:\/\/schema.org","@graph":[{"@type":"WebPage","@id":"https:\/\/mateagrarcsoport.hu\/en\/rolunk\/","url":"https:\/\/mateagrarcsoport.hu\/en\/rolunk\/","name":"MATE Agr\u00e1rcsoport - T\u00e1rs a mez\u0151gazdas\u00e1gban!","isPartOf":{"@id":"https:\/\/mateagrarcsoport.hu\/#website"},"datePublished":"2024-04-24T11:29:34+00:00","dateModified":"2024-04-24T11:29:34+00:00","description":"Tudj meg t\u00f6bbet r\u00f3lunk \u00e9s term\u00e9keinkr\u0151l weboldalunkon! Kapcsolati \u0171rlapunkon kereszt\u00fcl gyorsan \u00e9rtes\u00fclhetsz akci\u00f3inkr\u00f3l \u00e9s k\u00e9rhetsz \u00e1raj\u00e1nlatot is.","breadcrumb":{"@id":"https:\/\/mateagrarcsoport.hu\/en\/rolunk\/#breadcrumb"},"inLanguage":"en-US","potentialAction":[{"@type":"ReadAction","target":["https:\/\/mateagrarcsoport.hu\/en\/rolunk\/"]}]},{"@type":"BreadcrumbList","@id":"https:\/\/mateagrarcsoport.hu\/en\/rolunk\/#breadcrumb","itemListElement":[{"@type":"ListItem","position":1,"name":"Home","item":"https:\/\/mateagrarcsoport.hu\/en\/"},{"@type":"ListItem","position":2,"name":"R\u00f3lunk"}]},{"@type":"WebSite","@id":"https:\/\/mateagrarcsoport.hu\/#website","url":"https:\/\/mateagrarcsoport.hu\/","name":"MATE Agr\u00e1rcsoport","description":"","alternateName":"MATE Agr\u00e1rcsoport Kft.","potentialAction":[{"@type":"SearchAction","target":{"@type":"EntryPoint","urlTemplate":"https:\/\/mateagrarcsoport.hu\/?s={search_term_string}"},"query-input":"required name=search_term_string"}],"inLanguage":"en-US"}]}},"_links":{"self":[{"href":"https:\/\/mateagrarcsoport.hu\/en\/wp-json\/wp\/v2\/pages\/2667","targetHints":{"allow":["GET"]}}],"collection":[{"href":"https:\/\/mateagrarcsoport.hu\/en\/wp-json\/wp\/v2\/pages"}],"about":[{"href":"https:\/\/mateagrarcsoport.hu\/en\/wp-json\/wp\/v2\/types\/page"}],"author":[{"embeddable":true,"href":"https:\/\/mateagrarcsoport.hu\/en\/wp-json\/wp\/v2\/users\/1"}],"replies":[{"embeddable":true,"href":"https:\/\/mateagrarcsoport.hu\/en\/wp-json\/wp\/v2\/comments?post=2667"}],"version-history":[{"count":0,"href":"https:\/\/mateagrarcsoport.hu\/en\/wp-json\/wp\/v2\/pages\/2667\/revisions"}],"wp:attachment":[{"href":"https:\/\/mateagrarcsoport.hu\/en\/wp-json\/wp\/v2\/media?parent=2667"}],"curies":[{"name":"wp","href":"https:\/\/api.w.org\/{rel}","templated":true}]}}