{"id":2665,"date":"2024-05-14T16:10:19","date_gmt":"2024-05-14T14:10:19","guid":{"rendered":"https:\/\/mateagrarcsoport.staging.introweb.hu\/sikeres\/"},"modified":"2024-05-14T16:10:19","modified_gmt":"2024-05-14T14:10:19","slug":"sikeres","status":"publish","type":"page","link":"https:\/\/mateagrarcsoport.hu\/en\/sikeres\/","title":{"rendered":"Sikeres \u00fczenetk\u00fcld\u00e9s"},"content":{"rendered":"<p><div class=\"fusion-fullwidth fullwidth-box fusion-builder-row-1 fusion-flex-container has-pattern-background has-mask-background fusion-parallax-none nonhundred-percent-fullwidth non-hundred-percent-height-scrolling lazyload\" style=\"--awb-border-radius-top-left:0px;--awb-border-radius-top-right:0px;--awb-border-radius-bottom-right:0px;--awb-border-radius-bottom-left:0px;--awb-padding-top:8rem;--awb-padding-bottom:4rem;--awb-background-image:linear-gradient(180deg, rgba(20,22,23,0.2) 0%,rgba(20,22,23,0.2) 100%);;--awb-background-size:cover;\" data-bg=\"https:\/\/mateagrarcsoport.hu\/wp-content\/uploads\/2024\/04\/wheat-bg-1.jpg\" data-bg-gradient=\"linear-gradient(180deg, rgba(20,22,23,0.2) 0%,rgba(20,22,23,0.2) 100%)\" ><div class=\"fusion-builder-row fusion-row fusion-flex-align-items-flex-start\" style=\"max-width:1456px;margin-left: calc(-4% \/ 2 );margin-right: calc(-4% \/ 2 );\"><div class=\"fusion-layout-column fusion_builder_column fusion-builder-column-0 fusion_builder_column_1_1 1_1 fusion-flex-column\" style=\"--awb-bg-size:cover;--awb-width-large:100%;--awb-margin-top-large:0px;--awb-spacing-right-large:1.92%;--awb-margin-bottom-large:0px;--awb-spacing-left-large:1.92%;--awb-width-medium:100%;--awb-order-medium:0;--awb-spacing-right-medium:1.92%;--awb-spacing-left-medium:1.92%;--awb-width-small:100%;--awb-order-small:0;--awb-spacing-right-small:1.92%;--awb-spacing-left-small:1.92%;\" data-motion-effects=\"[{&quot;type&quot;:&quot;&quot;,&quot;scroll_type&quot;:&quot;transition&quot;,&quot;scroll_direction&quot;:&quot;up&quot;,&quot;transition_speed&quot;:&quot;1&quot;,&quot;fade_type&quot;:&quot;in&quot;,&quot;scale_type&quot;:&quot;up&quot;,&quot;initial_scale&quot;:&quot;1&quot;,&quot;max_scale&quot;:&quot;1.5&quot;,&quot;min_scale&quot;:&quot;0.5&quot;,&quot;initial_rotate&quot;:&quot;0&quot;,&quot;end_rotate&quot;:&quot;30&quot;,&quot;initial_blur&quot;:&quot;0&quot;,&quot;end_blur&quot;:&quot;3&quot;,&quot;start_element&quot;:&quot;top&quot;,&quot;start_viewport&quot;:&quot;bottom&quot;,&quot;end_element&quot;:&quot;bottom&quot;,&quot;end_viewport&quot;:&quot;top&quot;,&quot;mouse_effect&quot;:&quot;track&quot;,&quot;mouse_effect_direction&quot;:&quot;opposite&quot;,&quot;mouse_effect_speed&quot;:&quot;2&quot;,&quot;infinite_animation&quot;:&quot;float&quot;,&quot;infinite_animation_speed&quot;:&quot;2&quot;}]\" data-scroll-devices=\"small-visibility,medium-visibility,large-visibility\"><div class=\"fusion-column-wrapper fusion-column-has-shadow fusion-flex-justify-content-flex-start fusion-content-layout-column\"><div class=\"fusion-title title fusion-title-1 fusion-no-small-visibility fusion-no-medium-visibility fusion-sep-none fusion-title-center fusion-title-text fusion-title-size-six\" style=\"--awb-text-color:var(--awb-color2);--awb-font-size:48px;\"><h6 class=\"title-heading-center\" style=\"margin:0;font-size:1em;\">Sikeres \u00fczenetk\u00fcld\u00e9s<\/h6><\/div><div class=\"fusion-title title fusion-title-2 fusion-no-large-visibility fusion-sep-none fusion-title-center fusion-title-text fusion-title-size-six\" style=\"--awb-text-color:var(--awb-color2);--awb-font-size:36px;\"><h6 class=\"title-heading-center\" style=\"margin:0;font-size:1em;\">Sikeres \u00fczenetk\u00fcld\u00e9s<\/h6><\/div><\/div><\/div><div class=\"fusion-layout-column fusion_builder_column fusion-builder-column-1 fusion_builder_column_1_1 1_1 fusion-flex-column hidden\" style=\"--awb-bg-size:cover;--awb-width-large:100%;--awb-margin-top-large:0px;--awb-spacing-right-large:1.92%;--awb-margin-bottom-large:0px;--awb-spacing-left-large:1.92%;--awb-width-medium:100%;--awb-order-medium:0;--awb-spacing-right-medium:1.92%;--awb-spacing-left-medium:1.92%;--awb-width-small:100%;--awb-order-small:0;--awb-spacing-right-small:1.92%;--awb-spacing-left-small:1.92%;\" data-motion-effects=\"[{&quot;type&quot;:&quot;&quot;,&quot;scroll_type&quot;:&quot;transition&quot;,&quot;scroll_direction&quot;:&quot;up&quot;,&quot;transition_speed&quot;:&quot;1&quot;,&quot;fade_type&quot;:&quot;in&quot;,&quot;scale_type&quot;:&quot;up&quot;,&quot;initial_scale&quot;:&quot;1&quot;,&quot;max_scale&quot;:&quot;1.5&quot;,&quot;min_scale&quot;:&quot;0.5&quot;,&quot;initial_rotate&quot;:&quot;0&quot;,&quot;end_rotate&quot;:&quot;30&quot;,&quot;initial_blur&quot;:&quot;0&quot;,&quot;end_blur&quot;:&quot;3&quot;,&quot;start_element&quot;:&quot;top&quot;,&quot;start_viewport&quot;:&quot;bottom&quot;,&quot;end_element&quot;:&quot;bottom&quot;,&quot;end_viewport&quot;:&quot;top&quot;,&quot;mouse_effect&quot;:&quot;track&quot;,&quot;mouse_effect_direction&quot;:&quot;opposite&quot;,&quot;mouse_effect_speed&quot;:&quot;2&quot;,&quot;infinite_animation&quot;:&quot;float&quot;,&quot;infinite_animation_speed&quot;:&quot;2&quot;}]\" data-scroll-devices=\"small-visibility,medium-visibility,large-visibility\"><div class=\"fusion-column-wrapper fusion-column-has-shadow fusion-flex-justify-content-flex-start fusion-content-layout-column\"><div class=\"fusion-title title fusion-title-3 fusion-no-small-visibility fusion-no-medium-visibility fusion-sep-none fusion-title-center fusion-title-text fusion-title-size-one\" style=\"--awb-text-color:var(--awb-color2);--awb-font-size:48px;\"><h1 class=\"title-heading-center\" style=\"margin:0;font-size:1em;\">H1 helye<\/h1><\/div><div class=\"fusion-title title fusion-title-4 fusion-no-small-visibility fusion-no-medium-visibility fusion-sep-none fusion-title-center fusion-title-text fusion-title-size-two\" style=\"--awb-text-color:var(--awb-color2);--awb-font-size:48px;\"><h2 class=\"title-heading-center\" style=\"margin:0;font-size:1em;\">H2 helye<\/h2><\/div><\/div><\/div><\/div><\/div><div class=\"fusion-fullwidth fullwidth-box fusion-builder-row-2 fusion-flex-container has-pattern-background has-mask-background nonhundred-percent-fullwidth non-hundred-percent-height-scrolling\" style=\"--awb-border-radius-top-left:0px;--awb-border-radius-top-right:0px;--awb-border-radius-bottom-right:0px;--awb-border-radius-bottom-left:0px;--awb-padding-top:2rem;--awb-padding-bottom:3rem;\" ><div class=\"fusion-builder-row fusion-row fusion-flex-align-items-flex-start\" style=\"max-width:1456px;margin-left: calc(-4% \/ 2 );margin-right: calc(-4% \/ 2 );\"><div class=\"fusion-layout-column fusion_builder_column fusion-builder-column-2 fusion_builder_column_1_1 1_1 fusion-flex-column\" style=\"--awb-bg-size:cover;--awb-width-large:100%;--awb-margin-top-large:0px;--awb-spacing-right-large:1.92%;--awb-margin-bottom-large:2rem;--awb-spacing-left-large:1.92%;--awb-width-medium:100%;--awb-order-medium:0;--awb-spacing-right-medium:1.92%;--awb-spacing-left-medium:1.92%;--awb-width-small:100%;--awb-order-small:0;--awb-spacing-right-small:1.92%;--awb-spacing-left-small:1.92%;\" data-motion-effects=\"[{&quot;type&quot;:&quot;&quot;,&quot;scroll_type&quot;:&quot;transition&quot;,&quot;scroll_direction&quot;:&quot;up&quot;,&quot;transition_speed&quot;:&quot;1&quot;,&quot;fade_type&quot;:&quot;in&quot;,&quot;scale_type&quot;:&quot;up&quot;,&quot;initial_scale&quot;:&quot;1&quot;,&quot;max_scale&quot;:&quot;1.5&quot;,&quot;min_scale&quot;:&quot;0.5&quot;,&quot;initial_rotate&quot;:&quot;0&quot;,&quot;end_rotate&quot;:&quot;30&quot;,&quot;initial_blur&quot;:&quot;0&quot;,&quot;end_blur&quot;:&quot;3&quot;,&quot;start_element&quot;:&quot;top&quot;,&quot;start_viewport&quot;:&quot;bottom&quot;,&quot;end_element&quot;:&quot;bottom&quot;,&quot;end_viewport&quot;:&quot;top&quot;,&quot;mouse_effect&quot;:&quot;track&quot;,&quot;mouse_effect_direction&quot;:&quot;opposite&quot;,&quot;mouse_effect_speed&quot;:&quot;2&quot;,&quot;infinite_animation&quot;:&quot;float&quot;,&quot;infinite_animation_speed&quot;:&quot;2&quot;}]\" data-scroll-devices=\"small-visibility,medium-visibility,large-visibility\"><div class=\"fusion-column-wrapper fusion-column-has-shadow fusion-flex-justify-content-flex-start fusion-content-layout-column\"><div class=\"fusion-text fusion-text-1\" style=\"--awb-content-alignment:justify;\"><h3 style=\"text-align: center;\">K\u00f6sz\u00f6nj\u00fck az \u00fczenet\u00e9t!<\/h3>\n<p style=\"text-align: center;\">Az \u0171rlap sikeresen elk\u00fcldve. hamarosan felvessz\u00fck a kapcsolatot \u00d6nnel.<\/p>\n<\/div><\/div><\/div><div class=\"fusion-layout-column fusion_builder_column fusion-builder-column-3 fusion_builder_column_1_1 1_1 fusion-flex-column\" style=\"--awb-bg-size:cover;--awb-width-large:100%;--awb-margin-top-large:0px;--awb-spacing-right-large:1.92%;--awb-margin-bottom-large:20px;--awb-spacing-left-large:1.92%;--awb-width-medium:100%;--awb-order-medium:0;--awb-spacing-right-medium:1.92%;--awb-spacing-left-medium:1.92%;--awb-width-small:100%;--awb-order-small:0;--awb-spacing-right-small:1.92%;--awb-spacing-left-small:1.92%;\"><div class=\"fusion-column-wrapper fusion-column-has-shadow fusion-flex-justify-content-flex-start fusion-content-layout-column\"><div style=\"text-align:center;\"><a class=\"fusion-button button-flat fusion-button-default-size button-default fusion-button-default button-1 fusion-button-default-span fusion-button-default-type\" target=\"_self\" href=\"https:\/\/mateagrarcsoport.hu\/\"><span class=\"fusion-button-text\">Vissza a f\u0151oldalra<\/span><\/a><\/div><\/div><\/div><\/div><\/div><\/p>\n","protected":false},"excerpt":{"rendered":"","protected":false},"author":1,"featured_media":0,"parent":0,"menu_order":0,"comment_status":"closed","ping_status":"closed","template":"100-width.php","meta":{"inline_featured_image":false,"footnotes":""},"class_list":["post-2665","page","type-page","status-publish","hentry"],"yoast_head":"<!-- This site is optimized with the Yoast SEO Premium plugin v23.2 (Yoast SEO v23.2) - https:\/\/yoast.com\/wordpress\/plugins\/seo\/ -->\n<title>MATE Agr\u00e1rcsoport - T\u00e1rs a mez\u0151gazdas\u00e1gban!<\/title>\n<meta name=\"description\" content=\"Tudj meg t\u00f6bbet r\u00f3lunk \u00e9s term\u00e9keinkr\u0151l weboldalunkon! Kapcsolati \u0171rlapunkon kereszt\u00fcl gyorsan \u00e9rtes\u00fclhetsz akci\u00f3inkr\u00f3l \u00e9s k\u00e9rhetsz \u00e1raj\u00e1nlatot is.\" \/>\n<meta name=\"robots\" content=\"index, follow, max-snippet:-1, max-image-preview:large, max-video-preview:-1\" \/>\n<link rel=\"canonical\" href=\"https:\/\/mateagrarcsoport.hu\/en\/sikeres\/\" \/>\n<meta property=\"og:locale\" content=\"en_US\" \/>\n<meta property=\"og:type\" content=\"article\" \/>\n<meta property=\"og:title\" content=\"MATE Agr\u00e1rcsoport - T\u00e1rs a mez\u0151gazdas\u00e1gban\" \/>\n<meta property=\"og:description\" content=\"Olvassa el MATE Agr\u00e1rcsoport oldalunkat \u00e9s l\u00e9pjen Vel\u00fcnk kapcsolatba tov\u00e1bbi inform\u00e1ci\u00f3\u00e9rt!\" \/>\n<meta property=\"og:url\" content=\"https:\/\/mateagrarcsoport.hu\/en\/sikeres\/\" \/>\n<meta property=\"og:site_name\" content=\"MATE Agr\u00e1rcsoport\" \/>\n<meta property=\"og:image\" content=\"https:\/\/mateagrarcsoport.hu\/wp-content\/uploads\/2024\/08\/og-image.jpg\" \/>\n\t<meta property=\"og:image:width\" content=\"1200\" \/>\n\t<meta property=\"og:image:height\" content=\"675\" \/>\n\t<meta property=\"og:image:type\" content=\"image\/jpeg\" \/>\n<meta name=\"twitter:card\" content=\"summary_large_image\" \/>\n<meta name=\"twitter:label1\" content=\"Est. reading time\" \/>\n\t<meta name=\"twitter:data1\" content=\"20 minutes\" \/>\n<script type=\"application\/ld+json\" class=\"yoast-schema-graph\">{\"@context\":\"https:\/\/schema.org\",\"@graph\":[{\"@type\":\"WebPage\",\"@id\":\"https:\/\/mateagrarcsoport.hu\/en\/sikeres\/\",\"url\":\"https:\/\/mateagrarcsoport.hu\/en\/sikeres\/\",\"name\":\"MATE Agr\u00e1rcsoport - T\u00e1rs a mez\u0151gazdas\u00e1gban!\",\"isPartOf\":{\"@id\":\"https:\/\/mateagrarcsoport.hu\/#website\"},\"datePublished\":\"2024-05-14T14:10:19+00:00\",\"dateModified\":\"2024-05-14T14:10:19+00:00\",\"description\":\"Tudj meg t\u00f6bbet r\u00f3lunk \u00e9s term\u00e9keinkr\u0151l weboldalunkon! Kapcsolati \u0171rlapunkon kereszt\u00fcl gyorsan \u00e9rtes\u00fclhetsz akci\u00f3inkr\u00f3l \u00e9s k\u00e9rhetsz \u00e1raj\u00e1nlatot is.\",\"breadcrumb\":{\"@id\":\"https:\/\/mateagrarcsoport.hu\/en\/sikeres\/#breadcrumb\"},\"inLanguage\":\"en-US\",\"potentialAction\":[{\"@type\":\"ReadAction\",\"target\":[\"https:\/\/mateagrarcsoport.hu\/en\/sikeres\/\"]}]},{\"@type\":\"BreadcrumbList\",\"@id\":\"https:\/\/mateagrarcsoport.hu\/en\/sikeres\/#breadcrumb\",\"itemListElement\":[{\"@type\":\"ListItem\",\"position\":1,\"name\":\"Home\",\"item\":\"https:\/\/mateagrarcsoport.hu\/en\/\"},{\"@type\":\"ListItem\",\"position\":2,\"name\":\"Sikeres \u00fczenetk\u00fcld\u00e9s\"}]},{\"@type\":\"WebSite\",\"@id\":\"https:\/\/mateagrarcsoport.hu\/#website\",\"url\":\"https:\/\/mateagrarcsoport.hu\/\",\"name\":\"MATE Agr\u00e1rcsoport\",\"description\":\"\",\"alternateName\":\"MATE Agr\u00e1rcsoport Kft.\",\"potentialAction\":[{\"@type\":\"SearchAction\",\"target\":{\"@type\":\"EntryPoint\",\"urlTemplate\":\"https:\/\/mateagrarcsoport.hu\/?s={search_term_string}\"},\"query-input\":\"required name=search_term_string\"}],\"inLanguage\":\"en-US\"}]}<\/script>\n<!-- \/ Yoast SEO Premium plugin. -->","yoast_head_json":{"title":"MATE Agr\u00e1rcsoport - T\u00e1rs a mez\u0151gazdas\u00e1gban!","description":"Tudj meg t\u00f6bbet r\u00f3lunk \u00e9s term\u00e9keinkr\u0151l weboldalunkon! Kapcsolati \u0171rlapunkon kereszt\u00fcl gyorsan \u00e9rtes\u00fclhetsz akci\u00f3inkr\u00f3l \u00e9s k\u00e9rhetsz \u00e1raj\u00e1nlatot is.","robots":{"index":"index","follow":"follow","max-snippet":"max-snippet:-1","max-image-preview":"max-image-preview:large","max-video-preview":"max-video-preview:-1"},"canonical":"https:\/\/mateagrarcsoport.hu\/en\/sikeres\/","og_locale":"en_US","og_type":"article","og_title":"MATE Agr\u00e1rcsoport - T\u00e1rs a mez\u0151gazdas\u00e1gban","og_description":"Olvassa el MATE Agr\u00e1rcsoport oldalunkat \u00e9s l\u00e9pjen Vel\u00fcnk kapcsolatba tov\u00e1bbi inform\u00e1ci\u00f3\u00e9rt!","og_url":"https:\/\/mateagrarcsoport.hu\/en\/sikeres\/","og_site_name":"MATE Agr\u00e1rcsoport","og_image":[{"width":1200,"height":675,"url":"https:\/\/mateagrarcsoport.hu\/wp-content\/uploads\/2024\/08\/og-image.jpg","type":"image\/jpeg"}],"twitter_card":"summary_large_image","twitter_misc":{"Est. reading time":"20 minutes"},"schema":{"@context":"https:\/\/schema.org","@graph":[{"@type":"WebPage","@id":"https:\/\/mateagrarcsoport.hu\/en\/sikeres\/","url":"https:\/\/mateagrarcsoport.hu\/en\/sikeres\/","name":"MATE Agr\u00e1rcsoport - T\u00e1rs a mez\u0151gazdas\u00e1gban!","isPartOf":{"@id":"https:\/\/mateagrarcsoport.hu\/#website"},"datePublished":"2024-05-14T14:10:19+00:00","dateModified":"2024-05-14T14:10:19+00:00","description":"Tudj meg t\u00f6bbet r\u00f3lunk \u00e9s term\u00e9keinkr\u0151l weboldalunkon! Kapcsolati \u0171rlapunkon kereszt\u00fcl gyorsan \u00e9rtes\u00fclhetsz akci\u00f3inkr\u00f3l \u00e9s k\u00e9rhetsz \u00e1raj\u00e1nlatot is.","breadcrumb":{"@id":"https:\/\/mateagrarcsoport.hu\/en\/sikeres\/#breadcrumb"},"inLanguage":"en-US","potentialAction":[{"@type":"ReadAction","target":["https:\/\/mateagrarcsoport.hu\/en\/sikeres\/"]}]},{"@type":"BreadcrumbList","@id":"https:\/\/mateagrarcsoport.hu\/en\/sikeres\/#breadcrumb","itemListElement":[{"@type":"ListItem","position":1,"name":"Home","item":"https:\/\/mateagrarcsoport.hu\/en\/"},{"@type":"ListItem","position":2,"name":"Sikeres \u00fczenetk\u00fcld\u00e9s"}]},{"@type":"WebSite","@id":"https:\/\/mateagrarcsoport.hu\/#website","url":"https:\/\/mateagrarcsoport.hu\/","name":"MATE Agr\u00e1rcsoport","description":"","alternateName":"MATE Agr\u00e1rcsoport Kft.","potentialAction":[{"@type":"SearchAction","target":{"@type":"EntryPoint","urlTemplate":"https:\/\/mateagrarcsoport.hu\/?s={search_term_string}"},"query-input":"required name=search_term_string"}],"inLanguage":"en-US"}]}},"_links":{"self":[{"href":"https:\/\/mateagrarcsoport.hu\/en\/wp-json\/wp\/v2\/pages\/2665","targetHints":{"allow":["GET"]}}],"collection":[{"href":"https:\/\/mateagrarcsoport.hu\/en\/wp-json\/wp\/v2\/pages"}],"about":[{"href":"https:\/\/mateagrarcsoport.hu\/en\/wp-json\/wp\/v2\/types\/page"}],"author":[{"embeddable":true,"href":"https:\/\/mateagrarcsoport.hu\/en\/wp-json\/wp\/v2\/users\/1"}],"replies":[{"embeddable":true,"href":"https:\/\/mateagrarcsoport.hu\/en\/wp-json\/wp\/v2\/comments?post=2665"}],"version-history":[{"count":0,"href":"https:\/\/mateagrarcsoport.hu\/en\/wp-json\/wp\/v2\/pages\/2665\/revisions"}],"wp:attachment":[{"href":"https:\/\/mateagrarcsoport.hu\/en\/wp-json\/wp\/v2\/media?parent=2665"}],"curies":[{"name":"wp","href":"https:\/\/api.w.org\/{rel}","templated":true}]}}